{"id":2427,"date":"2023-07-03T13:29:40","date_gmt":"2023-07-03T11:29:40","guid":{"rendered":"https:\/\/jannikkerkhof.com\/?page_id=2427"},"modified":"2024-01-23T12:59:01","modified_gmt":"2024-01-23T11:59:01","slug":"impressum-datenschutz","status":"publish","type":"page","link":"https:\/\/jannikkerkhof.com\/index.php\/impressum-datenschutz\/","title":{"rendered":"Impressum &#038; Datenschutzerkl\u00e4rung"},"content":{"rendered":"<p>[et_pb_section fb_built=&#8221;1&#8243; disabled_on=&#8221;off|off|off&#8221; module_class=&#8221;pa-fullscreen-menu&#8221; _builder_version=&#8221;4.14.5&#8243; _module_preset=&#8221;default&#8221; background_enable_color=&#8221;off&#8221; use_background_color_gradient=&#8221;on&#8221; background_color_gradient_start=&#8221;#141414&#8243; background_color_gradient_end=&#8221;#0c0c0c&#8221; background_color_gradient_type=&#8221;radial&#8221; custom_padding=&#8221;0px||0px|||&#8221; sticky_position=&#8221;top&#8221; global_colors_info=&#8221;{}&#8221;][et_pb_row _builder_version=&#8221;4.14.5&#8243; _module_preset=&#8221;default&#8221; custom_padding=&#8221;11px||11px||true|&#8221; global_colors_info=&#8221;{}&#8221;][et_pb_column type=&#8221;4_4&#8243; _builder_version=&#8221;4.14.5&#8243; _module_preset=&#8221;default&#8221; custom_css_main_element=&#8221;display:flex;||justify-content:center;||flex-direction:column;&#8221; global_colors_info=&#8221;{}&#8221;][et_pb_menu menu_id=&#8221;22&#8243; menu_style=&#8221;centered&#8221; dropdown_menu_bg_color=&#8221;#141414&#8243; dropdown_menu_line_color=&#8221;#000000&#8243; dropdown_menu_text_color=&#8221;#FFFFFF&#8221; dropdown_menu_active_link_color=&#8221;#FFFFFF&#8221; mobile_menu_bg_color=&#8221;#0a0a0a&#8221; cart_icon_color=&#8221;RGBA(255,255,255,0)&#8221; search_icon_color=&#8221;RGBA(255,255,255,0)&#8221; menu_icon_color=&#8221;#FFFFFF&#8221; menu_icon_font_size=&#8221;40px&#8221; _builder_version=&#8221;4.14.5&#8243; _module_preset=&#8221;default&#8221; menu_font=&#8221;Advent Pro|600|||||||&#8221; menu_text_color=&#8221;#FFFFFF&#8221; menu_font_size=&#8221;18px&#8221; menu_letter_spacing=&#8221;2px&#8221; menu_line_height=&#8221;1.7em&#8221; background_color=&#8221;RGBA(255,255,255,0)&#8221; module_alignment=&#8221;center&#8221; global_colors_info=&#8221;{}&#8221;][\/et_pb_menu][\/et_pb_column][\/et_pb_row][\/et_pb_section][et_pb_section fb_built=&#8221;1&#8243; module_id=&#8221;ueber-jannik&#8221; _builder_version=&#8221;4.14.5&#8243; _module_preset=&#8221;default&#8221; global_colors_info=&#8221;{}&#8221;][et_pb_row module_id=&#8221;ueber-jannik&#8221; _builder_version=&#8221;4.14.5&#8243; _module_preset=&#8221;default&#8221; custom_padding=&#8221;50px||0px|||&#8221; global_colors_info=&#8221;{}&#8221;][et_pb_column type=&#8221;4_4&#8243; _builder_version=&#8221;4.14.5&#8243; _module_preset=&#8221;default&#8221; global_colors_info=&#8221;{}&#8221;][et_pb_text _builder_version=&#8221;4.14.5&#8243; _module_preset=&#8221;default&#8221; text_font=&#8221;Almarai||||||||&#8221; text_text_color=&#8221;#FFFFFF&#8221; text_font_size=&#8221;26px&#8221; text_letter_spacing=&#8221;21px&#8221; header_3_font=&#8221;|||on|||||&#8221; header_3_text_align=&#8221;center&#8221; header_3_text_color=&#8221;#FFFFFF&#8221; header_3_font_size=&#8221;35px&#8221; header_3_line_height=&#8221;1.4em&#8221; custom_padding=&#8221;||0px|||&#8221; header_3_font_size_tablet=&#8221;35px&#8221; header_3_font_size_phone=&#8221;28px&#8221; header_3_font_size_last_edited=&#8221;on|phone&#8221; global_colors_info=&#8221;{}&#8221; header_2_3_font_size_phone=&#8221;28px&#8221; header_3_3_font_size_phone=&#8221;28px&#8221; header_4_3_font_size_phone=&#8221;28px&#8221; header_5_3_font_size_phone=&#8221;28px&#8221; header_6_3_font_size_phone=&#8221;28px&#8221; header_2_3_font_size_last_edited=&#8221;on|phone&#8221; header_3_3_font_size_last_edited=&#8221;on|phone&#8221; header_4_3_font_size_last_edited=&#8221;on|phone&#8221; header_5_3_font_size_last_edited=&#8221;on|phone&#8221; header_6_3_font_size_last_edited=&#8221;on|phone&#8221; header_2_3_font_size_tablet=&#8221;35px&#8221; header_3_3_font_size_tablet=&#8221;35px&#8221; header_4_3_font_size_tablet=&#8221;35px&#8221; header_5_3_font_size_tablet=&#8221;35px&#8221; header_6_3_font_size_tablet=&#8221;35px&#8221;]<\/p>\n<h3>IMPRESSUM<\/h3>\n<p>[\/et_pb_text][\/et_pb_column][\/et_pb_row][et_pb_row make_equal=&#8221;on&#8221; _builder_version=&#8221;4.14.5&#8243; _module_preset=&#8221;default&#8221; global_colors_info=&#8221;{}&#8221;][et_pb_column type=&#8221;4_4&#8243; _builder_version=&#8221;4.14.5&#8243; _module_preset=&#8221;default&#8221; custom_css_main_element=&#8221;display:flex;||justify-content:center;||flex-direction:column;&#8221; global_colors_info=&#8221;{}&#8221;][et_pb_text _builder_version=&#8221;4.14.5&#8243; _module_preset=&#8221;default&#8221; text_font=&#8221;Advent Pro|600|||||||&#8221; text_text_color=&#8221;#FFFFFF&#8221; text_font_size=&#8221;28px&#8221; text_letter_spacing=&#8221;8px&#8221; custom_margin_tablet=&#8221;10px||35px||false|false&#8221; custom_margin_phone=&#8221;10px||35px||false|false&#8221; custom_margin_last_edited=&#8221;on|tablet&#8221; text_orientation_tablet=&#8221;center&#8221; text_orientation_phone=&#8221;center&#8221; text_orientation_last_edited=&#8221;on|phone&#8221; global_colors_info=&#8221;{}&#8221;][\/et_pb_text][et_pb_text _builder_version=&#8221;4.14.5&#8243; _module_preset=&#8221;default&#8221; text_font=&#8221;Advent Pro||||||||&#8221; text_text_color=&#8221;#FFFFFF&#8221; text_font_size=&#8221;19px&#8221; text_letter_spacing=&#8221;1px&#8221; text_line_height=&#8221;1.4em&#8221; custom_padding=&#8221;||0px|||&#8221; text_orientation_tablet=&#8221;center&#8221; text_orientation_phone=&#8221;center&#8221; text_orientation_last_edited=&#8221;on|phone&#8221; global_colors_info=&#8221;{}&#8221;]<\/p>\n<p>Verantwortlich f\u00fcr den Inhalt gem\u00e4\u00df \u00a7 5 TMG:<\/p>\n<p>Jannik Kerkhof<\/p>\n<p>Richardstra\u00dfe 111<\/p>\n<p>12043 Berlin<\/p>\n<p>Kontakt:<\/p>\n<p>E-Mail: <a href=\"mailto:kontakt@jannikkerkhof.com\" target=\"_new\" rel=\"noopener\">kontakt@jannikkerkhof.com<\/a><\/p>\n<p>Steuernummer: ST-Nr: 16\/378\/02738<\/p>\n<p>Hinweis zur Umsatzsteuer:<\/p>\n<p>Gem\u00e4\u00df \u00a7 19 UStG wird keine Umsatzsteuer erhoben, da Kleinunternehmer im Sinne dieses Gesetzes.<\/p>\n<p>Haftungsausschluss:<\/p>\n<p>Die Inhalte dieser Website wurden mit gr\u00f6\u00dfter Sorgfalt erstellt und gepr\u00fcft. Dennoch \u00fcbernehmen wir keine Gew\u00e4hr f\u00fcr die Aktualit\u00e4t, Richtigkeit, Vollst\u00e4ndigkeit oder Qualit\u00e4t der bereitgestellten Informationen. Haftungsanspr\u00fcche gegen uns, die sich auf Sch\u00e4den materieller oder ideeller Art beziehen, die durch die Nutzung oder Nichtnutzung der dargebotenen Informationen bzw. durch die Nutzung fehlerhafter oder unvollst\u00e4ndiger Informationen verursacht wurden, sind grunds\u00e4tzlich ausgeschlossen, sofern von unserer Seite kein nachweislich vors\u00e4tzliches oder grob fahrl\u00e4ssiges Verschulden vorliegt.<\/p>\n<p>Urheberrecht:<\/p>\n<p>Die durch den Seitenbetreiber erstellten Inhalte und Werke auf dieser Website unterliegen dem deutschen Urheberrecht. Die Vervielf\u00e4ltigung, Bearbeitung, Verbreitung und jede Art der Verwertung au\u00dferhalb der Grenzen des Urheberrechts bed\u00fcrfen unserer schriftlichen Zustimmung. Downloads und Kopien dieser Seite sind nur f\u00fcr den privaten, nicht kommerziellen Gebrauch gestattet. Soweit die Inhalte auf dieser Seite nicht vom Betreiber erstellt wurden, werden die Urheberrechte Dritter beachtet und entsprechend gekennzeichnet. Sollten Sie trotzdem auf eine Urheberrechtsverletzung aufmerksam werden, bitten wir um einen entsprechenden Hinweis. Bei Bekanntwerden von Rechtsverletzungen werden wir derartige Inhalte umgehend entfernen.<\/p>\n<p>Externe Links:<\/p>\n<p>Diese Website enth\u00e4lt Verkn\u00fcpfungen zu Websites Dritter (&#8220;externe Links&#8221;). F\u00fcr den Inhalt der verlinkten Seiten sind ausschlie\u00dflich deren Betreiber verantwortlich. Wir haben keinen Einfluss auf die aktuelle und zuk\u00fcnftige Gestaltung und auf die Inhalte der verkn\u00fcpften Seiten. Eine st\u00e4ndige Kontrolle der externen Links ist f\u00fcr uns ohne konkrete Hinweise auf Rechtsverst\u00f6\u00dfe nicht zumutbar. Bei Kenntnis von Rechtsverst\u00f6\u00dfen werden jedoch derartige externe Links unverz\u00fcglich gel\u00f6scht.<\/p>\n<p>[\/et_pb_text][\/et_pb_column][\/et_pb_row][\/et_pb_section][et_pb_section fb_built=&#8221;1&#8243; module_id=&#8221;ueber-jannik&#8221; _builder_version=&#8221;4.14.5&#8243; _module_preset=&#8221;default&#8221; global_colors_info=&#8221;{}&#8221;][et_pb_row module_id=&#8221;ueber-jannik&#8221; _builder_version=&#8221;4.14.5&#8243; _module_preset=&#8221;default&#8221; custom_padding=&#8221;50px||0px|||&#8221; global_colors_info=&#8221;{}&#8221;][et_pb_column type=&#8221;4_4&#8243; _builder_version=&#8221;4.14.5&#8243; _module_preset=&#8221;default&#8221; global_colors_info=&#8221;{}&#8221;][et_pb_text _builder_version=&#8221;4.14.5&#8243; _module_preset=&#8221;default&#8221; text_font=&#8221;Almarai||||||||&#8221; text_text_color=&#8221;#FFFFFF&#8221; text_font_size=&#8221;26px&#8221; text_letter_spacing=&#8221;21px&#8221; header_3_font=&#8221;|||on|||||&#8221; header_3_text_align=&#8221;center&#8221; header_3_text_color=&#8221;#FFFFFF&#8221; header_3_font_size=&#8221;35px&#8221; header_3_line_height=&#8221;1.4em&#8221; custom_padding=&#8221;||0px|||&#8221; header_3_font_size_tablet=&#8221;35px&#8221; header_3_font_size_phone=&#8221;28px&#8221; header_3_font_size_last_edited=&#8221;on|phone&#8221; global_colors_info=&#8221;{}&#8221; header_2_3_font_size_phone=&#8221;28px&#8221; header_3_3_font_size_phone=&#8221;28px&#8221; header_4_3_font_size_phone=&#8221;28px&#8221; header_5_3_font_size_phone=&#8221;28px&#8221; header_6_3_font_size_phone=&#8221;28px&#8221; header_2_3_font_size_last_edited=&#8221;on|phone&#8221; header_3_3_font_size_last_edited=&#8221;on|phone&#8221; header_4_3_font_size_last_edited=&#8221;on|phone&#8221; header_5_3_font_size_last_edited=&#8221;on|phone&#8221; header_6_3_font_size_last_edited=&#8221;on|phone&#8221; header_2_3_font_size_tablet=&#8221;35px&#8221; header_3_3_font_size_tablet=&#8221;35px&#8221; header_4_3_font_size_tablet=&#8221;35px&#8221; header_5_3_font_size_tablet=&#8221;35px&#8221; header_6_3_font_size_tablet=&#8221;35px&#8221;]<\/p>\n<h3>Datenschutzerkl\u00e4rung<\/h3>\n<p>[\/et_pb_text][\/et_pb_column][\/et_pb_row][et_pb_row make_equal=&#8221;on&#8221; _builder_version=&#8221;4.14.5&#8243; _module_preset=&#8221;default&#8221; global_colors_info=&#8221;{}&#8221;][et_pb_column type=&#8221;4_4&#8243; _builder_version=&#8221;4.14.5&#8243; _module_preset=&#8221;default&#8221; custom_css_main_element=&#8221;display:flex;||justify-content:center;||flex-direction:column;&#8221; global_colors_info=&#8221;{}&#8221;][et_pb_text _builder_version=&#8221;4.14.5&#8243; _module_preset=&#8221;default&#8221; text_font=&#8221;Advent Pro|600|||||||&#8221; text_text_color=&#8221;#FFFFFF&#8221; text_font_size=&#8221;28px&#8221; text_letter_spacing=&#8221;8px&#8221; custom_margin_tablet=&#8221;10px||35px||false|false&#8221; custom_margin_phone=&#8221;10px||35px||false|false&#8221; custom_margin_last_edited=&#8221;on|tablet&#8221; text_orientation_tablet=&#8221;center&#8221; text_orientation_phone=&#8221;center&#8221; text_orientation_last_edited=&#8221;on|phone&#8221; global_colors_info=&#8221;{}&#8221;][\/et_pb_text][et_pb_text _builder_version=&#8221;4.14.5&#8243; _module_preset=&#8221;default&#8221; text_font=&#8221;Advent Pro||||||||&#8221; text_text_color=&#8221;#FFFFFF&#8221; text_font_size=&#8221;19px&#8221; text_letter_spacing=&#8221;1px&#8221; text_line_height=&#8221;1.4em&#8221; text_orientation_tablet=&#8221;center&#8221; text_orientation_phone=&#8221;center&#8221; text_orientation_last_edited=&#8221;on|phone&#8221; global_colors_info=&#8221;{}&#8221;]<\/p>\n<p>Datenschutzerkl\u00e4rung:<\/p>\n<p>Wir nehmen den Schutz Ihrer pers\u00f6nlichen Daten sehr ernst. Diese Datenschutzerkl\u00e4rung informiert Sie dar\u00fcber, welche personenbezogenen Daten wir von Ihnen erheben, wie wir sie verwenden und sch\u00fctzen.<\/p>\n<ol>\n<li>\n<p>Datenerhebung:<span style=\"font-size: 19px;\">Wir erheben personenbezogene Daten, wenn Sie diese freiwillig an uns \u00fcbermitteln, zum Beispiel durch das Ausf\u00fcllen von Kontaktformularen oder das Versenden von E-Mails. Die von uns erhobenen Daten k\u00f6nnen dabei folgende Informationen umfassen: Name, E-Mail-Adresse, Anschrift und weitere freiwillig bereitgestellte Informationen<\/span><\/p>\n<\/li>\n<li>\n<p><span style=\"font-size: 19px;\">Verwendung der Daten: <\/span><span style=\"font-size: 19px;\"><\/span><span style=\"font-size: 19px;\"><\/span><span style=\"font-size: 19px;\">Die von Ihnen zur Verf\u00fcgung gestellten personenbezogenen Daten verwenden wir ausschlie\u00dflich zu dem Zweck, f\u00fcr den Sie uns diese \u00fcbermittelt haben. Dies kann die Beantwortung Ihrer Anfragen, die Abwicklung von Bestellungen oder die Bereitstellung von Informationen umfassen. Wir verwenden Ihre Daten nicht f\u00fcr Werbezwecke oder geben sie ohne Ihre ausdr\u00fcckliche Zustimmung an Dritte weiter.<\/span><\/p>\n<\/li>\n<\/ol>\n<ol>\n<li>\n<p>Datensicherheit: Wir treffen angemessene technische und organisatorische Ma\u00dfnahmen, um Ihre personenbezogenen Daten vor Verlust, Missbrauch, unbefugtem Zugriff oder Offenlegung zu sch\u00fctzen. Wir verwenden geeignete Sicherheitsvorkehrungen, um sicherzustellen, dass Ihre Daten sicher gespeichert sind und nur von befugten Personen zug\u00e4nglich sind.<\/p>\n<\/li>\n<li>\n<p>Cookies: Unsere Website verwendet m\u00f6glicherweise Cookies, um bestimmte Funktionen bereitzustellen. Cookies sind kleine Textdateien, die von Ihrem Browser auf Ihrem Endger\u00e4t gespeichert werden. Sie k\u00f6nnen die Verwendung von Cookies in den Einstellungen Ihres Browsers kontrollieren und gegebenenfalls ablehnen. Bitte beachten Sie jedoch, dass bestimmte Funktionen unserer Website m\u00f6glicherweise nicht ordnungsgem\u00e4\u00df funktionieren, wenn Sie die Verwendung von Cookies deaktivieren.<\/p>\n<\/li>\n<li>\n<p>Links zu anderen Websites: Unsere Website kann Links zu anderen Websites enthalten, die nicht von uns betrieben werden. Bitte beachten Sie, dass wir keine Verantwortung f\u00fcr die Datenschutzpraktiken dieser externen Websites \u00fcbernehmen. Wir empfehlen Ihnen, die Datenschutzerkl\u00e4rungen dieser Websites zu lesen, da sie von unserer abweichen k\u00f6nnen.<\/p>\n<\/li>\n<li>\n<p>Auskunftsrecht und Kontaktaufnahme: Sie haben das Recht, Auskunft \u00fcber die bei uns gespeicherten personenbezogenen Daten zu erhalten. Wenn Sie Fragen zu unserer Datenschutzerkl\u00e4rung haben oder Informationen zu Ihren Daten w\u00fcnschen, k\u00f6nnen Sie uns unter den im Impressum angegebenen Kontaktdaten kontaktieren.<\/p>\n<\/li>\n<\/ol>\n<p>&nbsp;<\/p>\n<p>[\/et_pb_text][\/et_pb_column][\/et_pb_row][et_pb_row module_id=&#8221;ueber-jannik&#8221; _builder_version=&#8221;4.14.5&#8243; _module_preset=&#8221;default&#8221; custom_padding=&#8221;50px||0px|||&#8221; global_colors_info=&#8221;{}&#8221;][et_pb_column type=&#8221;4_4&#8243; _builder_version=&#8221;4.14.5&#8243; _module_preset=&#8221;default&#8221; global_colors_info=&#8221;{}&#8221;][et_pb_text _builder_version=&#8221;4.14.5&#8243; _module_preset=&#8221;default&#8221; text_font=&#8221;Almarai||||||||&#8221; text_text_color=&#8221;#FFFFFF&#8221; text_font_size=&#8221;26px&#8221; text_letter_spacing=&#8221;21px&#8221; header_3_font=&#8221;|||on|||||&#8221; header_3_text_align=&#8221;center&#8221; header_3_text_color=&#8221;#FFFFFF&#8221; header_3_font_size=&#8221;35px&#8221; header_3_line_height=&#8221;1.4em&#8221; custom_padding=&#8221;||0px|||&#8221; hover_enabled=&#8221;0&#8243; header_3_font_size_tablet=&#8221;35px&#8221; header_3_font_size_phone=&#8221;28px&#8221; header_3_font_size_last_edited=&#8221;on|phone&#8221; global_colors_info=&#8221;{}&#8221; header_2_3_font_size_phone=&#8221;28px&#8221; header_3_3_font_size_phone=&#8221;28px&#8221; header_4_3_font_size_phone=&#8221;28px&#8221; header_5_3_font_size_phone=&#8221;28px&#8221; header_6_3_font_size_phone=&#8221;28px&#8221; header_2_3_font_size_last_edited=&#8221;on|phone&#8221; header_3_3_font_size_last_edited=&#8221;on|phone&#8221; header_4_3_font_size_last_edited=&#8221;on|phone&#8221; header_5_3_font_size_last_edited=&#8221;on|phone&#8221; header_6_3_font_size_last_edited=&#8221;on|phone&#8221; header_2_3_font_size_tablet=&#8221;35px&#8221; header_3_3_font_size_tablet=&#8221;35px&#8221; header_4_3_font_size_tablet=&#8221;35px&#8221; header_5_3_font_size_tablet=&#8221;35px&#8221; header_6_3_font_size_tablet=&#8221;35px&#8221; sticky_enabled=&#8221;0&#8243;]<\/p>\n<h3>Web-Design<\/h3>\n<p>[\/et_pb_text][et_pb_text _builder_version=&#8221;4.14.5&#8243; _module_preset=&#8221;default&#8221; text_font=&#8221;Advent Pro||||||||&#8221; text_text_color=&#8221;#FFFFFF&#8221; text_font_size=&#8221;19px&#8221; text_letter_spacing=&#8221;1px&#8221; text_line_height=&#8221;1.4em&#8221; hover_enabled=&#8221;0&#8243; text_orientation_tablet=&#8221;center&#8221; text_orientation_phone=&#8221;center&#8221; text_orientation_last_edited=&#8221;on|phone&#8221; global_colors_info=&#8221;{}&#8221; sticky_enabled=&#8221;0&#8243;]<\/p>\n<p>Web-Design von Danny Beyer Visuals<\/p>\n<p><a href=\"https:\/\/danny-beyer.de\/design\" target=\"_blank\" rel=\"noopener\">https:\/\/danny-beyer.de\/<\/a><\/p>\n<p>[\/et_pb_text][\/et_pb_column][\/et_pb_row][\/et_pb_section]<\/p>\n","protected":false},"excerpt":{"rendered":"<p>IMPRESSUMVerantwortlich f\u00fcr den Inhalt gem\u00e4\u00df \u00a7 5 TMG: Jannik Kerkhof Richardstra\u00dfe 111 12043 Berlin Kontakt: E-Mail: kontakt@jannikkerkhof.com Steuernummer: ST-Nr: 16\/378\/02738 Hinweis zur Umsatzsteuer: Gem\u00e4\u00df \u00a7 19 UStG wird keine Umsatzsteuer erhoben, da Kleinunternehmer im Sinne dieses Gesetzes. Haftungsausschluss: Die Inhalte dieser Website wurden mit gr\u00f6\u00dfter Sorgfalt erstellt und gepr\u00fcft. Dennoch \u00fcbernehmen wir keine Gew\u00e4hr f\u00fcr [&hellip;]<\/p>\n","protected":false},"author":1,"featured_media":0,"parent":0,"menu_order":0,"comment_status":"closed","ping_status":"closed","template":"","meta":{"_et_pb_use_builder":"on","_et_pb_old_content":"","_et_gb_content_width":"","_monsterinsights_skip_tracking":false,"_monsterinsights_sitenote_active":false,"_monsterinsights_sitenote_note":"","_monsterinsights_sitenote_category":0},"_links":{"self":[{"href":"https:\/\/jannikkerkhof.com\/index.php\/wp-json\/wp\/v2\/pages\/2427"}],"collection":[{"href":"https:\/\/jannikkerkhof.com\/index.php\/wp-json\/wp\/v2\/pages"}],"about":[{"href":"https:\/\/jannikkerkhof.com\/index.php\/wp-json\/wp\/v2\/types\/page"}],"author":[{"embeddable":true,"href":"https:\/\/jannikkerkhof.com\/index.php\/wp-json\/wp\/v2\/users\/1"}],"replies":[{"embeddable":true,"href":"https:\/\/jannikkerkhof.com\/index.php\/wp-json\/wp\/v2\/comments?post=2427"}],"version-history":[{"count":7,"href":"https:\/\/jannikkerkhof.com\/index.php\/wp-json\/wp\/v2\/pages\/2427\/revisions"}],"predecessor-version":[{"id":2489,"href":"https:\/\/jannikkerkhof.com\/index.php\/wp-json\/wp\/v2\/pages\/2427\/revisions\/2489"}],"wp:attachment":[{"href":"https:\/\/jannikkerkhof.com\/index.php\/wp-json\/wp\/v2\/media?parent=2427"}],"curies":[{"name":"wp","href":"https:\/\/api.w.org\/{rel}","templated":true}]}}